{"id":992,"date":"2025-02-06T09:03:51","date_gmt":"2025-02-06T06:03:51","guid":{"rendered":"http:\/\/germenergie.com\/?page_id=992"},"modified":"2025-05-21T09:31:27","modified_gmt":"2025-05-21T06:31:27","slug":"154-kv-milas-tm-yenileme-isi-2","status":"publish","type":"page","link":"https:\/\/germenergie.com\/en\/154-kv-milas-tm-yenileme-isi-2\/","title":{"rendered":"154 kV Yeni Haba\u015f Transformer Station"},"content":{"rendered":"<p>[vc_row][vc_column width=&#8221;1\/2&#8243;][vc_single_image image=&#8221;996&#8243; img_size=&#8221;full&#8221; alignment=&#8221;center&#8221;][\/vc_column][vc_column width=&#8221;1\/2&#8243;][vc_column_text]<\/p>\n<h3><strong>154 kV New Haba\u015f Transformer Station<\/strong><\/h3>\n<h4><strong>Employer: <\/strong>Haba\u015f<\/h4>\n<h4><strong>Contractor:<\/strong> Sel\u00e7uk Albayrak<\/h4>\n<h4><strong>Project Date:<\/strong><\/h4>\n<p>[\/vc_column_text][\/vc_column][\/vc_row]<\/p>","protected":false},"excerpt":{"rendered":"<p>[vc_row][vc_column width=&#8221;1\/2&#8243;][vc_single_image image=&#8221;996&#8243; img_size=&#8221;full&#8221; alignment=&#8221;center&#8221;][\/vc_column][vc_column width=&#8221;1\/2&#8243;][vc_column_text] 154 kV New Haba\u015f Transformer Station Employer: Haba\u015f Contractor: Sel\u00e7uk Albayrak Project Date: [\/vc_column_text][\/vc_column][\/vc_row]<\/p>\n","protected":false},"author":1,"featured_media":0,"parent":0,"menu_order":0,"comment_status":"closed","ping_status":"closed","template":"","meta":{"footnotes":""},"class_list":["post-992","page","type-page","status-publish","hentry"],"_links":{"self":[{"href":"https:\/\/germenergie.com\/en\/wp-json\/wp\/v2\/pages\/992","targetHints":{"allow":["GET"]}}],"collection":[{"href":"https:\/\/germenergie.com\/en\/wp-json\/wp\/v2\/pages"}],"about":[{"href":"https:\/\/germenergie.com\/en\/wp-json\/wp\/v2\/types\/page"}],"author":[{"embeddable":true,"href":"https:\/\/germenergie.com\/en\/wp-json\/wp\/v2\/users\/1"}],"replies":[{"embeddable":true,"href":"https:\/\/germenergie.com\/en\/wp-json\/wp\/v2\/comments?post=992"}],"version-history":[{"count":6,"href":"https:\/\/germenergie.com\/en\/wp-json\/wp\/v2\/pages\/992\/revisions"}],"predecessor-version":[{"id":1157,"href":"https:\/\/germenergie.com\/en\/wp-json\/wp\/v2\/pages\/992\/revisions\/1157"}],"wp:attachment":[{"href":"https:\/\/germenergie.com\/en\/wp-json\/wp\/v2\/media?parent=992"}],"curies":[{"name":"wp","href":"https:\/\/api.w.org\/{rel}","templated":true}]}}