{"id":982,"date":"2025-02-06T08:59:06","date_gmt":"2025-02-06T05:59:06","guid":{"rendered":"http:\/\/germenergie.com\/?page_id=982"},"modified":"2025-05-21T09:21:17","modified_gmt":"2025-05-21T06:21:17","slug":"154-kv-ercis-tm-yenileme-isi","status":"publish","type":"page","link":"https:\/\/germenergie.com\/en\/154-kv-ercis-tm-yenileme-isi\/","title":{"rendered":"154 kV Erci\u015f TM Renovation Work"},"content":{"rendered":"<p>[vc_row][vc_column width=&#8221;1\/2&#8243;][vc_single_image image=&#8221;985&#8243; img_size=&#8221;full&#8221; alignment=&#8221;center&#8221;][\/vc_column][vc_column width=&#8221;1\/2&#8243;][vc_column_text]<\/p>\n<h3><strong>154 kV Erci\u015f Transformer Center Renovation Work<\/strong><\/h3>\n<h4><strong>Employer:<\/strong> Teia\u015f<\/h4>\n<h4><strong>Contractor:<\/strong> Sel\u00e7uk Albayrak<\/h4>\n<h4><strong>Project Date:<\/strong> 2010<\/h4>\n<p>[\/vc_column_text][\/vc_column][\/vc_row]<\/p>","protected":false},"excerpt":{"rendered":"<p>[vc_row][vc_column width=&#8221;1\/2&#8243;][vc_single_image image=&#8221;985&#8243; img_size=&#8221;full&#8221; alignment=&#8221;center&#8221;][\/vc_column][vc_column width=&#8221;1\/2&#8243;][vc_column_text] 154 kV Erci\u015f Transformer Center Renovation Work Employer: Teia\u015f Contractor: Sel\u00e7uk Albayrak Project Date: 2010 [\/vc_column_text][\/vc_column][\/vc_row]<\/p>\n","protected":false},"author":1,"featured_media":0,"parent":0,"menu_order":0,"comment_status":"closed","ping_status":"closed","template":"","meta":{"footnotes":""},"class_list":["post-982","page","type-page","status-publish","hentry"],"_links":{"self":[{"href":"https:\/\/germenergie.com\/en\/wp-json\/wp\/v2\/pages\/982","targetHints":{"allow":["GET"]}}],"collection":[{"href":"https:\/\/germenergie.com\/en\/wp-json\/wp\/v2\/pages"}],"about":[{"href":"https:\/\/germenergie.com\/en\/wp-json\/wp\/v2\/types\/page"}],"author":[{"embeddable":true,"href":"https:\/\/germenergie.com\/en\/wp-json\/wp\/v2\/users\/1"}],"replies":[{"embeddable":true,"href":"https:\/\/germenergie.com\/en\/wp-json\/wp\/v2\/comments?post=982"}],"version-history":[{"count":5,"href":"https:\/\/germenergie.com\/en\/wp-json\/wp\/v2\/pages\/982\/revisions"}],"predecessor-version":[{"id":1144,"href":"https:\/\/germenergie.com\/en\/wp-json\/wp\/v2\/pages\/982\/revisions\/1144"}],"wp:attachment":[{"href":"https:\/\/germenergie.com\/en\/wp-json\/wp\/v2\/media?parent=982"}],"curies":[{"name":"wp","href":"https:\/\/api.w.org\/{rel}","templated":true}]}}