{"id":1011,"date":"2025-02-06T09:55:47","date_gmt":"2025-02-06T06:55:47","guid":{"rendered":"http:\/\/germenergie.com\/?page_id=1011"},"modified":"2025-05-21T09:31:20","modified_gmt":"2025-05-21T06:31:20","slug":"154-kv-habas-bilecik-merkezi","status":"publish","type":"page","link":"https:\/\/germenergie.com\/en\/154-kv-habas-bilecik-merkezi\/","title":{"rendered":"154 kV Haba\u015f Bilecik Transformer Station"},"content":{"rendered":"<p>[vc_row][vc_column width=&#8221;1\/2&#8243;][vc_single_image image=&#8221;1014&#8243; img_size=&#8221;full&#8221; alignment=&#8221;center&#8221;][\/vc_column][vc_column width=&#8221;1\/2&#8243;][vc_column_text]<\/p>\n<h3><strong>154 kV Haba\u015f Bilecik Transformer Station<\/strong><\/h3>\n<h4><strong>Employer: <\/strong>Haba\u015f<\/h4>\n<h4><strong>Contractor:<\/strong> Sel\u00e7uk Albayrak<\/h4>\n<h4><strong>Project Date:<\/strong><\/h4>\n<p>[\/vc_column_text][\/vc_column][\/vc_row]<\/p>","protected":false},"excerpt":{"rendered":"<p>[vc_row][vc_column width=&#8221;1\/2&#8243;][vc_single_image image=&#8221;1014&#8243; img_size=&#8221;full&#8221; alignment=&#8221;center&#8221;][\/vc_column][vc_column width=&#8221;1\/2&#8243;][vc_column_text] 154 kV Haba\u015f Bilecik Transformer Station Employer: Haba\u015f Contractor: Sel\u00e7uk Albayrak Project Date: [\/vc_column_text][\/vc_column][\/vc_row]<\/p>\n","protected":false},"author":1,"featured_media":0,"parent":0,"menu_order":0,"comment_status":"closed","ping_status":"closed","template":"","meta":{"footnotes":""},"class_list":["post-1011","page","type-page","status-publish","hentry"],"_links":{"self":[{"href":"https:\/\/germenergie.com\/en\/wp-json\/wp\/v2\/pages\/1011","targetHints":{"allow":["GET"]}}],"collection":[{"href":"https:\/\/germenergie.com\/en\/wp-json\/wp\/v2\/pages"}],"about":[{"href":"https:\/\/germenergie.com\/en\/wp-json\/wp\/v2\/types\/page"}],"author":[{"embeddable":true,"href":"https:\/\/germenergie.com\/en\/wp-json\/wp\/v2\/users\/1"}],"replies":[{"embeddable":true,"href":"https:\/\/germenergie.com\/en\/wp-json\/wp\/v2\/comments?post=1011"}],"version-history":[{"count":6,"href":"https:\/\/germenergie.com\/en\/wp-json\/wp\/v2\/pages\/1011\/revisions"}],"predecessor-version":[{"id":1154,"href":"https:\/\/germenergie.com\/en\/wp-json\/wp\/v2\/pages\/1011\/revisions\/1154"}],"wp:attachment":[{"href":"https:\/\/germenergie.com\/en\/wp-json\/wp\/v2\/media?parent=1011"}],"curies":[{"name":"wp","href":"https:\/\/api.w.org\/{rel}","templated":true}]}}